{"id":114,"date":"2024-03-15T16:53:06","date_gmt":"2024-03-15T15:53:06","guid":{"rendered":"https:\/\/flowpilatesimoviment.es\/?page_id=114"},"modified":"2025-10-29T18:55:01","modified_gmt":"2025-10-29T17:55:01","slug":"terminos-y-condiciones","status":"publish","type":"page","link":"https:\/\/flowpilatesimoviment.es\/index.php\/flow-pilates-i-moviment\/terminos-y-condiciones\/","title":{"rendered":"T\u00e9rminos y Condiciones"},"content":{"rendered":"\n<p class=\"has-text-align-center\" style=\"font-size:clamp(0.984rem, 0.984rem + ((1vw - 0.2rem) * 0.86), 1.5rem);\"><strong><mark style=\"background-color:#ffffff\" class=\"has-inline-color has-contrast-color\">NORMAS GENERALES DEL CENTRO <\/mark><\/strong><\/p>\n\n\n\n<p class=\"has-text-align-center\"><strong><mark style=\"background-color:#ffffff\" class=\"has-inline-color has-contrast-color\"> <\/mark><\/strong><\/p>\n\n\n\n<p><\/p>\n\n\n\n<p class=\"has-text-align-center has-base-2-color has-contrast-2-background-color has-text-color has-background has-link-color has-medium-font-size wp-elements-6827e099a48ffdbcaebf6b8079b3fe6c\" style=\"padding-top:var(--wp--preset--spacing--10);padding-bottom:var(--wp--preset--spacing--10)\"><strong>Respecto a la TARIFA MENSUAL<\/strong><\/p>\n\n\n\n<div class=\"wp-block-group has-global-padding is-layout-constrained wp-block-group-is-layout-constrained\">\n<p class=\"has-small-font-size\"><em><strong>1<\/strong>&#8211;<\/em> La <strong>TARIFA MENSUAL<\/strong> est\u00e1 pensada <strong>para dar continuidad a tu pr\u00e1ctica<\/strong> mes a mes de forma ininterrumpida. Si por la raz\u00f3n que sea necesitas m\u00e1s flexibilidad, tienes la opci\u00f3n de los <strong>BONOS.<\/strong><\/p>\n\n\n\n<p class=\"has-small-font-size\"><em><strong>2<\/strong>&#8211; <\/em>La <strong>TARIFA MENSUAL ES A MES NATURAL (del 1 al 31)<\/strong>. Se cobra de forma \u00edntegra con independencia de si se asiste o no a todas las clases. <strong>DEBES ABONARLA AL INICIO DE CADA MES<\/strong>, durante la primera semana de clases.<\/p>\n\n\n\n<p class=\"has-small-font-size\"><em><strong>3<\/strong>&#8211; <\/em>Tiene una <strong>PERMANENCIA M\u00cdNIMA DE TRES MESES<\/strong> y <strong>una MATR\u00cdCULA DE 75\u20ac<\/strong>. Si <strong>haces el pago de los tres meses<\/strong> <strong>al inscribirte<\/strong>, <strong>la matr\u00edcula se reduce a 0\u20ac<\/strong>. Si en alg\u00fan momento te das de baja y quieres volver al cabo de un tiempo, hay que hacer una nueva inscripci\u00f3n.<\/p>\n\n\n\n<p class=\"has-small-font-size\"><em><strong>4<\/strong>&#8211; <\/em>En caso de no asistencia a todas las clases, <strong>puedes recuperar las clases pendientes en el mes siguiente<\/strong>, siempre y cuando est\u00e9s al corriente de pago en el mes. Si lo necesitas, <strong>puedes a\u00f1adir clases extra durante el mes;<\/strong> el precio de estas clases es de <strong>25\u20ac<\/strong>.\u00a0<\/p>\n\n\n\n<p class=\"has-small-font-size\"><em><strong>5<\/strong>&#8211; <\/em>Si hay alg\u00fan mes en el que no puedas venir a clase, se aplicar\u00e1 una <strong>Cuota Reducida de Mantenimiento<\/strong> para conservar la plaza (<strong>35\u20ac <\/strong>). Durante dicho periodo podr\u00e1s hacer 1 clase (esta clase no es recuperable en meses posteriores en caso de no hacer uso de ella). \u00a0<\/p>\n\n\n\n<p class=\"has-small-font-size\"><\/p>\n<\/div>\n\n\n\n<div class=\"wp-block-columns is-layout-flex wp-container-core-columns-layout-1 wp-block-columns-is-layout-flex\">\n<div class=\"wp-block-column is-layout-flow wp-block-column-is-layout-flow\"><\/div>\n<\/div>\n\n\n\n<p class=\"has-text-align-center has-base-2-color has-contrast-2-background-color has-text-color has-background has-link-color has-medium-font-size wp-elements-f93670b259a0d7af756e11ac6740fb19\" style=\"padding-top:var(--wp--preset--spacing--10);padding-bottom:var(--wp--preset--spacing--10)\"><strong>Respecto a RESERVAS, CANCELACIONES y CAMBIOS DE CLASES<\/strong><\/p>\n\n\n\n<p class=\"has-small-font-size\"><em><strong>1<\/strong>&#8211; <\/em>Los <strong>avisos sobre reservas, cambios o cancelaciones de clases<\/strong> <strong>se gestionar\u00e1n SIEMPRE a trav\u00e9s del whatsapp del centro<\/strong> (618.985.765) y deber\u00e1n producirse <strong>AL MENOS 24h antes del inicio de la clase<\/strong>.<\/p>\n\n\n\n<p class=\"has-small-font-size\"><em><strong>2<\/strong>&#8211; <\/em>Las <strong>clases anuladas <\/strong>por parte del cliente <strong>con menos de 24h de antelaci\u00f3n <\/strong>del inicio de la clase ser\u00e1n <strong>computadas como realizadas sin derecho a cambio. \u00a0<\/strong><\/p>\n\n\n\n<p class=\"has-small-font-size\"><em><strong>3<\/strong>&#8211; <\/em>Las <strong>clases anuladas <\/strong>por parte del cliente <strong>en tiempo <\/strong>se podr\u00e1n<strong> recuperar de acuerdo con la disponibilidad<\/strong> en el mes siguiente a la cancelaci\u00f3n. El centro da las m\u00e1ximas facilidades para recuperar las clases perdidas, dentro de par\u00e1metros l\u00f3gicos. En ning\u00fan caso se proceder\u00e1 al reintegro parcial o total de la cuota para recuperarlas. \u00a0<\/p>\n\n\n\n<p class=\"has-small-font-size\"><em><strong>4<\/strong>&#8211; <\/em>El centro se reserva el derecho de <strong>cancelar una clase grupal <\/strong>en caso de<strong> <\/strong>que las circunstancias lo determinen necesario. \u00a0<\/p>\n\n\n\n<p class=\"has-small-font-size\"><em><strong>5<\/strong>&#8211; <\/em>El centro se reserva el derecho a <strong><strong>reestructurar horarios<\/strong> en verano y otros periodos vacacionales<\/strong>.<\/p>\n","protected":false},"excerpt":{"rendered":"<p>NORMAS GENERALES DEL CENTRO Respecto a la TARIFA MENSUAL 1&#8211; La TARIFA MENSUAL est\u00e1 pensada para dar continuidad a tu pr\u00e1ctica mes a mes de forma ininterrumpida. Si por la raz\u00f3n que sea necesitas m\u00e1s flexibilidad, tienes la opci\u00f3n de los BONOS. 2&#8211; La TARIFA MENSUAL ES A MES NATURAL (del 1 al 31). Se [&hellip;]<\/p>\n","protected":false},"author":1,"featured_media":56,"parent":5,"menu_order":0,"comment_status":"closed","ping_status":"closed","template":"","meta":{"om_disable_all_campaigns":false,"_monsterinsights_skip_tracking":false,"_monsterinsights_sitenote_active":false,"_monsterinsights_sitenote_note":"","_monsterinsights_sitenote_category":0,"footnotes":""},"aioseo_notices":[],"_links":{"self":[{"href":"https:\/\/flowpilatesimoviment.es\/index.php\/wp-json\/wp\/v2\/pages\/114"}],"collection":[{"href":"https:\/\/flowpilatesimoviment.es\/index.php\/wp-json\/wp\/v2\/pages"}],"about":[{"href":"https:\/\/flowpilatesimoviment.es\/index.php\/wp-json\/wp\/v2\/types\/page"}],"author":[{"embeddable":true,"href":"https:\/\/flowpilatesimoviment.es\/index.php\/wp-json\/wp\/v2\/users\/1"}],"replies":[{"embeddable":true,"href":"https:\/\/flowpilatesimoviment.es\/index.php\/wp-json\/wp\/v2\/comments?post=114"}],"version-history":[{"count":26,"href":"https:\/\/flowpilatesimoviment.es\/index.php\/wp-json\/wp\/v2\/pages\/114\/revisions"}],"predecessor-version":[{"id":376,"href":"https:\/\/flowpilatesimoviment.es\/index.php\/wp-json\/wp\/v2\/pages\/114\/revisions\/376"}],"up":[{"embeddable":true,"href":"https:\/\/flowpilatesimoviment.es\/index.php\/wp-json\/wp\/v2\/pages\/5"}],"wp:featuredmedia":[{"embeddable":true,"href":"https:\/\/flowpilatesimoviment.es\/index.php\/wp-json\/wp\/v2\/media\/56"}],"wp:attachment":[{"href":"https:\/\/flowpilatesimoviment.es\/index.php\/wp-json\/wp\/v2\/media?parent=114"}],"curies":[{"name":"wp","href":"https:\/\/api.w.org\/{rel}","templated":true}]}}